{"id":2868,"date":"2018-02-07T22:18:16","date_gmt":"2018-02-07T21:18:16","guid":{"rendered":"https:\/\/www.colegiosanfelix.com\/web\/?page_id=2868"},"modified":"2018-03-09T11:15:00","modified_gmt":"2018-03-09T10:15:00","slug":"conoce-nuestro-comedor","status":"publish","type":"page","link":"https:\/\/www.colegiosanfelix.com\/web\/index.php\/comedor-escolar\/conoce-nuestro-comedor\/","title":{"rendered":"CONOCE NUESTRO COMEDOR"},"content":{"rendered":"<p>\u00bfQuieres saber c\u00f3mo funciona el comedor escolar?<\/p>\n<p><a href=\"http:\/\/xn--cateringlasubias-kub.com\/\">Una empresa<\/a> nos sirve cada ma\u00f1ana la comida reci\u00e9n hecha. Es la empresa seleccionada que ha superado un riguroso concurso de adjudicaci\u00f3n cuyas condiciones exigen que ha de primar la calidad de la comida, la frescura y la atenci\u00f3n al cliente por encima de cualquier otro aspecto.<\/p>\n<p>El men\u00fa, confeccionado por nutricionistas, consta de comida variada, baja en sal y grasas para una dieta equilibrada que nos ayude a crecer sanos.<\/p>\n<p>El comedor escolar est\u00e1 atendido por personal con amplia experiencia en labores educativas con ni\u00f1os y ni\u00f1as, que ayudan a que prueben esos platos que a veces en casa rechazan sin motivo alguno.<\/p>\n<p>Antes y despu\u00e9s de comer se vigila la higiene (manos y dientes) y al terminar, siempre hay tiempo para realizar juegos o tareas escolares hasta la hora de recogida.<\/p>\n<p>Si deseas conocer el comedor escolar m\u00e1s de cerca, puedes echar un vistazo a esta galer\u00eda de im\u00e1genes o contactar con nosotros para visitarlo.<\/p>\n\n\t\t<style>\n\t\t\t#gallery-1 {\n\t\t\t\tmargin: auto;\n\t\t\t}\n\t\t\t#gallery-1 .gallery-item {\n\t\t\t\tfloat: left;\n\t\t\t\tmargin-top: 10px;\n\t\t\t\ttext-align: center;\n\t\t\t\twidth: 33%;\n\t\t\t}\n\t\t\t#gallery-1 img {\n\t\t\t\tborder: 2px solid #cfcfcf;\n\t\t\t}\n\t\t\t#gallery-1 .gallery-caption {\n\t\t\t\tmargin-left: 0;\n\t\t\t}\n\t\t\t\/* see gallery_shortcode() in wp-includes\/media.php *\/\n\t\t<\/style>\n\t\t<div id='gallery-1' class='gallery galleryid-2868 gallery-columns-3 gallery-size-thumbnail'><dl class='gallery-item'>\n\t\t\t<dt class='gallery-icon portrait'>\n\t\t\t\t<a href='https:\/\/www.colegiosanfelix.com\/web\/wp-content\/uploads\/2018\/02\/IMG-20180213-WA0009.jpg' title=\"\" data-rl_title=\"\" class=\"rl-gallery-link\" data-rl_caption=\"\" data-rel=\"lightbox-gallery-1\"><img decoding=\"async\" width=\"150\" height=\"150\" src=\"https:\/\/www.colegiosanfelix.com\/web\/wp-content\/uploads\/2018\/02\/IMG-20180213-WA0009-150x150.jpg\" class=\"attachment-thumbnail size-thumbnail no-lazy\" alt=\"\" srcset=\"https:\/\/www.colegiosanfelix.com\/web\/wp-content\/uploads\/2018\/02\/IMG-20180213-WA0009-150x150.jpg 150w, https:\/\/www.colegiosanfelix.com\/web\/wp-content\/uploads\/2018\/02\/IMG-20180213-WA0009-160x160.jpg 160w, https:\/\/www.colegiosanfelix.com\/web\/wp-content\/uploads\/2018\/02\/IMG-20180213-WA0009-320x320.jpg 320w\" sizes=\"(max-width: 150px) 100vw, 150px\" \/><\/a>\n\t\t\t<\/dt><\/dl><dl class='gallery-item'>\n\t\t\t<dt class='gallery-icon portrait'>\n\t\t\t\t<a href='https:\/\/www.colegiosanfelix.com\/web\/wp-content\/uploads\/2018\/02\/IMG-20180213-WA0007.jpg' title=\"\" data-rl_title=\"\" class=\"rl-gallery-link\" data-rl_caption=\"\" data-rel=\"lightbox-gallery-1\"><img decoding=\"async\" width=\"150\" height=\"150\" src=\"https:\/\/www.colegiosanfelix.com\/web\/wp-content\/uploads\/2018\/02\/IMG-20180213-WA0007-150x150.jpg\" class=\"attachment-thumbnail size-thumbnail no-lazy\" alt=\"\" srcset=\"https:\/\/www.colegiosanfelix.com\/web\/wp-content\/uploads\/2018\/02\/IMG-20180213-WA0007-150x150.jpg 150w, https:\/\/www.colegiosanfelix.com\/web\/wp-content\/uploads\/2018\/02\/IMG-20180213-WA0007-160x160.jpg 160w, https:\/\/www.colegiosanfelix.com\/web\/wp-content\/uploads\/2018\/02\/IMG-20180213-WA0007-320x320.jpg 320w\" sizes=\"(max-width: 150px) 100vw, 150px\" \/><\/a>\n\t\t\t<\/dt><\/dl><dl class='gallery-item'>\n\t\t\t<dt class='gallery-icon portrait'>\n\t\t\t\t<a href='https:\/\/www.colegiosanfelix.com\/web\/wp-content\/uploads\/2018\/02\/IMG-20180213-WA0006.jpg' title=\"\" data-rl_title=\"\" class=\"rl-gallery-link\" data-rl_caption=\"\" data-rel=\"lightbox-gallery-1\"><img decoding=\"async\" width=\"150\" height=\"150\" src=\"https:\/\/www.colegiosanfelix.com\/web\/wp-content\/uploads\/2018\/02\/IMG-20180213-WA0006-150x150.jpg\" class=\"attachment-thumbnail size-thumbnail no-lazy\" alt=\"\" srcset=\"https:\/\/www.colegiosanfelix.com\/web\/wp-content\/uploads\/2018\/02\/IMG-20180213-WA0006-150x150.jpg 150w, https:\/\/www.colegiosanfelix.com\/web\/wp-content\/uploads\/2018\/02\/IMG-20180213-WA0006-160x160.jpg 160w, https:\/\/www.colegiosanfelix.com\/web\/wp-content\/uploads\/2018\/02\/IMG-20180213-WA0006-320x320.jpg 320w\" sizes=\"(max-width: 150px) 100vw, 150px\" \/><\/a>\n\t\t\t<\/dt><\/dl><br style=\"clear: both\" \/><dl class='gallery-item'>\n\t\t\t<dt class='gallery-icon portrait'>\n\t\t\t\t<a href='https:\/\/www.colegiosanfelix.com\/web\/wp-content\/uploads\/2018\/02\/IMG-20180213-WA0005.jpg' title=\"\" data-rl_title=\"\" class=\"rl-gallery-link\" data-rl_caption=\"\" data-rel=\"lightbox-gallery-1\"><img decoding=\"async\" width=\"150\" height=\"150\" src=\"https:\/\/www.colegiosanfelix.com\/web\/wp-content\/uploads\/2018\/02\/IMG-20180213-WA0005-150x150.jpg\" class=\"attachment-thumbnail size-thumbnail no-lazy\" alt=\"\" srcset=\"https:\/\/www.colegiosanfelix.com\/web\/wp-content\/uploads\/2018\/02\/IMG-20180213-WA0005-150x150.jpg 150w, https:\/\/www.colegiosanfelix.com\/web\/wp-content\/uploads\/2018\/02\/IMG-20180213-WA0005-160x160.jpg 160w, https:\/\/www.colegiosanfelix.com\/web\/wp-content\/uploads\/2018\/02\/IMG-20180213-WA0005-320x320.jpg 320w\" sizes=\"(max-width: 150px) 100vw, 150px\" \/><\/a>\n\t\t\t<\/dt><\/dl><dl class='gallery-item'>\n\t\t\t<dt class='gallery-icon portrait'>\n\t\t\t\t<a href='https:\/\/www.colegiosanfelix.com\/web\/wp-content\/uploads\/2018\/02\/IMG-20180213-WA0004.jpg' title=\"\" data-rl_title=\"\" class=\"rl-gallery-link\" data-rl_caption=\"\" data-rel=\"lightbox-gallery-1\"><img decoding=\"async\" width=\"150\" height=\"150\" src=\"https:\/\/www.colegiosanfelix.com\/web\/wp-content\/uploads\/2018\/02\/IMG-20180213-WA0004-150x150.jpg\" class=\"attachment-thumbnail size-thumbnail no-lazy\" alt=\"\" srcset=\"https:\/\/www.colegiosanfelix.com\/web\/wp-content\/uploads\/2018\/02\/IMG-20180213-WA0004-150x150.jpg 150w, https:\/\/www.colegiosanfelix.com\/web\/wp-content\/uploads\/2018\/02\/IMG-20180213-WA0004-160x160.jpg 160w, https:\/\/www.colegiosanfelix.com\/web\/wp-content\/uploads\/2018\/02\/IMG-20180213-WA0004-320x320.jpg 320w\" sizes=\"(max-width: 150px) 100vw, 150px\" \/><\/a>\n\t\t\t<\/dt><\/dl><dl class='gallery-item'>\n\t\t\t<dt class='gallery-icon portrait'>\n\t\t\t\t<a href='https:\/\/www.colegiosanfelix.com\/web\/wp-content\/uploads\/2018\/02\/IMG-20180213-WA0003.jpg' title=\"\" data-rl_title=\"\" class=\"rl-gallery-link\" data-rl_caption=\"\" data-rel=\"lightbox-gallery-1\"><img decoding=\"async\" width=\"150\" height=\"150\" src=\"https:\/\/www.colegiosanfelix.com\/web\/wp-content\/uploads\/2018\/02\/IMG-20180213-WA0003-150x150.jpg\" class=\"attachment-thumbnail size-thumbnail no-lazy\" alt=\"\" srcset=\"https:\/\/www.colegiosanfelix.com\/web\/wp-content\/uploads\/2018\/02\/IMG-20180213-WA0003-150x150.jpg 150w, https:\/\/www.colegiosanfelix.com\/web\/wp-content\/uploads\/2018\/02\/IMG-20180213-WA0003-160x160.jpg 160w, https:\/\/www.colegiosanfelix.com\/web\/wp-content\/uploads\/2018\/02\/IMG-20180213-WA0003-320x320.jpg 320w\" sizes=\"(max-width: 150px) 100vw, 150px\" \/><\/a>\n\t\t\t<\/dt><\/dl><br style=\"clear: both\" \/><dl class='gallery-item'>\n\t\t\t<dt class='gallery-icon landscape'>\n\t\t\t\t<a href='https:\/\/www.colegiosanfelix.com\/web\/wp-content\/uploads\/2018\/02\/IMG-20180213-WA0000-e1519772258927.jpg' title=\"\" data-rl_title=\"\" class=\"rl-gallery-link\" data-rl_caption=\"\" data-rel=\"lightbox-gallery-1\"><img decoding=\"async\" width=\"150\" height=\"150\" src=\"https:\/\/www.colegiosanfelix.com\/web\/wp-content\/uploads\/2018\/02\/IMG-20180213-WA0000-150x150.jpg\" class=\"attachment-thumbnail size-thumbnail no-lazy\" alt=\"\" srcset=\"https:\/\/www.colegiosanfelix.com\/web\/wp-content\/uploads\/2018\/02\/IMG-20180213-WA0000-150x150.jpg 150w, https:\/\/www.colegiosanfelix.com\/web\/wp-content\/uploads\/2018\/02\/IMG-20180213-WA0000-160x160.jpg 160w, https:\/\/www.colegiosanfelix.com\/web\/wp-content\/uploads\/2018\/02\/IMG-20180213-WA0000-320x320.jpg 320w\" sizes=\"(max-width: 150px) 100vw, 150px\" \/><\/a>\n\t\t\t<\/dt><\/dl><dl class='gallery-item'>\n\t\t\t<dt class='gallery-icon landscape'>\n\t\t\t\t<a href='https:\/\/www.colegiosanfelix.com\/web\/wp-content\/uploads\/2018\/02\/IMG-20180228-WA0015.jpg' title=\"\" data-rl_title=\"\" class=\"rl-gallery-link\" data-rl_caption=\"\" data-rel=\"lightbox-gallery-1\"><img decoding=\"async\" width=\"150\" height=\"150\" src=\"https:\/\/www.colegiosanfelix.com\/web\/wp-content\/uploads\/2018\/02\/IMG-20180228-WA0015-150x150.jpg\" class=\"attachment-thumbnail size-thumbnail no-lazy\" alt=\"\" srcset=\"https:\/\/www.colegiosanfelix.com\/web\/wp-content\/uploads\/2018\/02\/IMG-20180228-WA0015-150x150.jpg 150w, https:\/\/www.colegiosanfelix.com\/web\/wp-content\/uploads\/2018\/02\/IMG-20180228-WA0015-160x160.jpg 160w, https:\/\/www.colegiosanfelix.com\/web\/wp-content\/uploads\/2018\/02\/IMG-20180228-WA0015-320x320.jpg 320w\" sizes=\"(max-width: 150px) 100vw, 150px\" \/><\/a>\n\t\t\t<\/dt><\/dl><dl class='gallery-item'>\n\t\t\t<dt class='gallery-icon landscape'>\n\t\t\t\t<a href='https:\/\/www.colegiosanfelix.com\/web\/wp-content\/uploads\/2018\/02\/IMG-20180228-WA0016.jpg' title=\"\" data-rl_title=\"\" class=\"rl-gallery-link\" data-rl_caption=\"\" data-rel=\"lightbox-gallery-1\"><img decoding=\"async\" width=\"150\" height=\"150\" src=\"https:\/\/www.colegiosanfelix.com\/web\/wp-content\/uploads\/2018\/02\/IMG-20180228-WA0016-150x150.jpg\" class=\"attachment-thumbnail size-thumbnail no-lazy\" alt=\"\" srcset=\"https:\/\/www.colegiosanfelix.com\/web\/wp-content\/uploads\/2018\/02\/IMG-20180228-WA0016-150x150.jpg 150w, https:\/\/www.colegiosanfelix.com\/web\/wp-content\/uploads\/2018\/02\/IMG-20180228-WA0016-160x160.jpg 160w, https:\/\/www.colegiosanfelix.com\/web\/wp-content\/uploads\/2018\/02\/IMG-20180228-WA0016-320x320.jpg 320w\" sizes=\"(max-width: 150px) 100vw, 150px\" \/><\/a>\n\t\t\t<\/dt><\/dl><br style=\"clear: both\" \/><dl class='gallery-item'>\n\t\t\t<dt class='gallery-icon landscape'>\n\t\t\t\t<a href='https:\/\/www.colegiosanfelix.com\/web\/wp-content\/uploads\/2018\/02\/IMG-20180301-WA0004.jpg' title=\"\" data-rl_title=\"\" class=\"rl-gallery-link\" data-rl_caption=\"\" data-rel=\"lightbox-gallery-1\"><img decoding=\"async\" width=\"150\" height=\"150\" src=\"https:\/\/www.colegiosanfelix.com\/web\/wp-content\/uploads\/2018\/02\/IMG-20180301-WA0004-150x150.jpg\" class=\"attachment-thumbnail size-thumbnail no-lazy\" alt=\"\" srcset=\"https:\/\/www.colegiosanfelix.com\/web\/wp-content\/uploads\/2018\/02\/IMG-20180301-WA0004-150x150.jpg 150w, https:\/\/www.colegiosanfelix.com\/web\/wp-content\/uploads\/2018\/02\/IMG-20180301-WA0004-160x160.jpg 160w, https:\/\/www.colegiosanfelix.com\/web\/wp-content\/uploads\/2018\/02\/IMG-20180301-WA0004-320x320.jpg 320w\" sizes=\"(max-width: 150px) 100vw, 150px\" \/><\/a>\n\t\t\t<\/dt><\/dl><dl class='gallery-item'>\n\t\t\t<dt class='gallery-icon landscape'>\n\t\t\t\t<a href='https:\/\/www.colegiosanfelix.com\/web\/wp-content\/uploads\/2018\/02\/IMG-20180301-WA0005.jpg' title=\"\" data-rl_title=\"\" class=\"rl-gallery-link\" data-rl_caption=\"\" data-rel=\"lightbox-gallery-1\"><img decoding=\"async\" width=\"150\" height=\"150\" src=\"https:\/\/www.colegiosanfelix.com\/web\/wp-content\/uploads\/2018\/02\/IMG-20180301-WA0005-150x150.jpg\" class=\"attachment-thumbnail size-thumbnail no-lazy\" alt=\"\" srcset=\"https:\/\/www.colegiosanfelix.com\/web\/wp-content\/uploads\/2018\/02\/IMG-20180301-WA0005-150x150.jpg 150w, https:\/\/www.colegiosanfelix.com\/web\/wp-content\/uploads\/2018\/02\/IMG-20180301-WA0005-160x160.jpg 160w, https:\/\/www.colegiosanfelix.com\/web\/wp-content\/uploads\/2018\/02\/IMG-20180301-WA0005-320x320.jpg 320w\" sizes=\"(max-width: 150px) 100vw, 150px\" \/><\/a>\n\t\t\t<\/dt><\/dl><dl class='gallery-item'>\n\t\t\t<dt class='gallery-icon landscape'>\n\t\t\t\t<a href='https:\/\/www.colegiosanfelix.com\/web\/wp-content\/uploads\/2018\/02\/IMG-20180302-WA0000.jpg' title=\"\" data-rl_title=\"\" class=\"rl-gallery-link\" data-rl_caption=\"\" data-rel=\"lightbox-gallery-1\"><img decoding=\"async\" width=\"150\" height=\"150\" src=\"https:\/\/www.colegiosanfelix.com\/web\/wp-content\/uploads\/2018\/02\/IMG-20180302-WA0000-150x150.jpg\" class=\"attachment-thumbnail size-thumbnail no-lazy\" alt=\"\" srcset=\"https:\/\/www.colegiosanfelix.com\/web\/wp-content\/uploads\/2018\/02\/IMG-20180302-WA0000-150x150.jpg 150w, https:\/\/www.colegiosanfelix.com\/web\/wp-content\/uploads\/2018\/02\/IMG-20180302-WA0000-160x160.jpg 160w, https:\/\/www.colegiosanfelix.com\/web\/wp-content\/uploads\/2018\/02\/IMG-20180302-WA0000-320x320.jpg 320w\" sizes=\"(max-width: 150px) 100vw, 150px\" \/><\/a>\n\t\t\t<\/dt><\/dl><br style=\"clear: both\" \/><dl class='gallery-item'>\n\t\t\t<dt class='gallery-icon landscape'>\n\t\t\t\t<a href='https:\/\/www.colegiosanfelix.com\/web\/wp-content\/uploads\/2018\/02\/IMG-20180302-WA0001.jpg' title=\"\" data-rl_title=\"\" class=\"rl-gallery-link\" data-rl_caption=\"\" data-rel=\"lightbox-gallery-1\"><img decoding=\"async\" width=\"150\" height=\"150\" src=\"https:\/\/www.colegiosanfelix.com\/web\/wp-content\/uploads\/2018\/02\/IMG-20180302-WA0001-150x150.jpg\" class=\"attachment-thumbnail size-thumbnail no-lazy\" alt=\"\" srcset=\"https:\/\/www.colegiosanfelix.com\/web\/wp-content\/uploads\/2018\/02\/IMG-20180302-WA0001-150x150.jpg 150w, https:\/\/www.colegiosanfelix.com\/web\/wp-content\/uploads\/2018\/02\/IMG-20180302-WA0001-160x160.jpg 160w, https:\/\/www.colegiosanfelix.com\/web\/wp-content\/uploads\/2018\/02\/IMG-20180302-WA0001-320x320.jpg 320w\" sizes=\"(max-width: 150px) 100vw, 150px\" \/><\/a>\n\t\t\t<\/dt><\/dl><dl class='gallery-item'>\n\t\t\t<dt class='gallery-icon landscape'>\n\t\t\t\t<a href='https:\/\/www.colegiosanfelix.com\/web\/wp-content\/uploads\/2018\/02\/IMG-20180305-WA0004.jpg' title=\"\" data-rl_title=\"\" class=\"rl-gallery-link\" data-rl_caption=\"\" data-rel=\"lightbox-gallery-1\"><img decoding=\"async\" width=\"150\" height=\"150\" src=\"https:\/\/www.colegiosanfelix.com\/web\/wp-content\/uploads\/2018\/02\/IMG-20180305-WA0004-150x150.jpg\" class=\"attachment-thumbnail size-thumbnail no-lazy\" alt=\"\" srcset=\"https:\/\/www.colegiosanfelix.com\/web\/wp-content\/uploads\/2018\/02\/IMG-20180305-WA0004-150x150.jpg 150w, https:\/\/www.colegiosanfelix.com\/web\/wp-content\/uploads\/2018\/02\/IMG-20180305-WA0004-160x160.jpg 160w, https:\/\/www.colegiosanfelix.com\/web\/wp-content\/uploads\/2018\/02\/IMG-20180305-WA0004-320x320.jpg 320w\" sizes=\"(max-width: 150px) 100vw, 150px\" \/><\/a>\n\t\t\t<\/dt><\/dl><dl class='gallery-item'>\n\t\t\t<dt class='gallery-icon landscape'>\n\t\t\t\t<a href='https:\/\/www.colegiosanfelix.com\/web\/wp-content\/uploads\/2018\/02\/IMG-20180305-WA0005.jpg' title=\"\" data-rl_title=\"\" class=\"rl-gallery-link\" data-rl_caption=\"\" data-rel=\"lightbox-gallery-1\"><img decoding=\"async\" width=\"150\" height=\"150\" src=\"https:\/\/www.colegiosanfelix.com\/web\/wp-content\/uploads\/2018\/02\/IMG-20180305-WA0005-150x150.jpg\" class=\"attachment-thumbnail size-thumbnail no-lazy\" alt=\"\" srcset=\"https:\/\/www.colegiosanfelix.com\/web\/wp-content\/uploads\/2018\/02\/IMG-20180305-WA0005-150x150.jpg 150w, https:\/\/www.colegiosanfelix.com\/web\/wp-content\/uploads\/2018\/02\/IMG-20180305-WA0005-160x160.jpg 160w, https:\/\/www.colegiosanfelix.com\/web\/wp-content\/uploads\/2018\/02\/IMG-20180305-WA0005-320x320.jpg 320w\" sizes=\"(max-width: 150px) 100vw, 150px\" \/><\/a>\n\t\t\t<\/dt><\/dl><br style=\"clear: both\" \/><dl class='gallery-item'>\n\t\t\t<dt class='gallery-icon landscape'>\n\t\t\t\t<a href='https:\/\/www.colegiosanfelix.com\/web\/wp-content\/uploads\/2018\/02\/IMG-20180307-WA0020.jpg' title=\"\" data-rl_title=\"\" class=\"rl-gallery-link\" data-rl_caption=\"\" data-rel=\"lightbox-gallery-1\"><img decoding=\"async\" width=\"150\" height=\"150\" src=\"https:\/\/www.colegiosanfelix.com\/web\/wp-content\/uploads\/2018\/02\/IMG-20180307-WA0020-150x150.jpg\" class=\"attachment-thumbnail size-thumbnail no-lazy\" alt=\"\" srcset=\"https:\/\/www.colegiosanfelix.com\/web\/wp-content\/uploads\/2018\/02\/IMG-20180307-WA0020-150x150.jpg 150w, https:\/\/www.colegiosanfelix.com\/web\/wp-content\/uploads\/2018\/02\/IMG-20180307-WA0020-160x160.jpg 160w, https:\/\/www.colegiosanfelix.com\/web\/wp-content\/uploads\/2018\/02\/IMG-20180307-WA0020-320x320.jpg 320w\" sizes=\"(max-width: 150px) 100vw, 150px\" \/><\/a>\n\t\t\t<\/dt><\/dl><dl class='gallery-item'>\n\t\t\t<dt class='gallery-icon landscape'>\n\t\t\t\t<a href='https:\/\/www.colegiosanfelix.com\/web\/wp-content\/uploads\/2018\/02\/IMG-20180307-WA0021.jpg' title=\"\" data-rl_title=\"\" class=\"rl-gallery-link\" data-rl_caption=\"\" data-rel=\"lightbox-gallery-1\"><img decoding=\"async\" width=\"150\" height=\"150\" src=\"https:\/\/www.colegiosanfelix.com\/web\/wp-content\/uploads\/2018\/02\/IMG-20180307-WA0021-150x150.jpg\" class=\"attachment-thumbnail size-thumbnail no-lazy\" alt=\"\" srcset=\"https:\/\/www.colegiosanfelix.com\/web\/wp-content\/uploads\/2018\/02\/IMG-20180307-WA0021-150x150.jpg 150w, https:\/\/www.colegiosanfelix.com\/web\/wp-content\/uploads\/2018\/02\/IMG-20180307-WA0021-160x160.jpg 160w, https:\/\/www.colegiosanfelix.com\/web\/wp-content\/uploads\/2018\/02\/IMG-20180307-WA0021-320x320.jpg 320w\" sizes=\"(max-width: 150px) 100vw, 150px\" \/><\/a>\n\t\t\t<\/dt><\/dl><dl class='gallery-item'>\n\t\t\t<dt class='gallery-icon landscape'>\n\t\t\t\t<a href='https:\/\/www.colegiosanfelix.com\/web\/wp-content\/uploads\/2018\/02\/IMG-20180307-WA0022.jpg' title=\"\" data-rl_title=\"\" class=\"rl-gallery-link\" data-rl_caption=\"\" data-rel=\"lightbox-gallery-1\"><img decoding=\"async\" width=\"150\" height=\"150\" src=\"https:\/\/www.colegiosanfelix.com\/web\/wp-content\/uploads\/2018\/02\/IMG-20180307-WA0022-150x150.jpg\" class=\"attachment-thumbnail size-thumbnail no-lazy\" alt=\"\" srcset=\"https:\/\/www.colegiosanfelix.com\/web\/wp-content\/uploads\/2018\/02\/IMG-20180307-WA0022-150x150.jpg 150w, https:\/\/www.colegiosanfelix.com\/web\/wp-content\/uploads\/2018\/02\/IMG-20180307-WA0022-160x160.jpg 160w, https:\/\/www.colegiosanfelix.com\/web\/wp-content\/uploads\/2018\/02\/IMG-20180307-WA0022-320x320.jpg 320w\" sizes=\"(max-width: 150px) 100vw, 150px\" \/><\/a>\n\t\t\t<\/dt><\/dl><br style=\"clear: both\" \/><dl class='gallery-item'>\n\t\t\t<dt class='gallery-icon landscape'>\n\t\t\t\t<a href='https:\/\/www.colegiosanfelix.com\/web\/wp-content\/uploads\/2018\/02\/IMG-20180307-WA0023.jpg' title=\"\" data-rl_title=\"\" class=\"rl-gallery-link\" data-rl_caption=\"\" data-rel=\"lightbox-gallery-1\"><img decoding=\"async\" width=\"150\" height=\"150\" src=\"https:\/\/www.colegiosanfelix.com\/web\/wp-content\/uploads\/2018\/02\/IMG-20180307-WA0023-150x150.jpg\" class=\"attachment-thumbnail size-thumbnail no-lazy\" alt=\"\" srcset=\"https:\/\/www.colegiosanfelix.com\/web\/wp-content\/uploads\/2018\/02\/IMG-20180307-WA0023-150x150.jpg 150w, https:\/\/www.colegiosanfelix.com\/web\/wp-content\/uploads\/2018\/02\/IMG-20180307-WA0023-160x160.jpg 160w, https:\/\/www.colegiosanfelix.com\/web\/wp-content\/uploads\/2018\/02\/IMG-20180307-WA0023-320x320.jpg 320w\" sizes=\"(max-width: 150px) 100vw, 150px\" \/><\/a>\n\t\t\t<\/dt><\/dl>\n\t\t\t<br style='clear: both' \/>\n\t\t<\/div>\n\n<p>&nbsp;<\/p>\n","protected":false},"excerpt":{"rendered":"<p>\u00bfQuieres saber c\u00f3mo funciona el comedor escolar? Una empresa nos sirve cada ma\u00f1ana la comida reci\u00e9n hecha. Es la empresa seleccionada que ha superado un riguroso concurso de adjudicaci\u00f3n cuyas condiciones exigen que ha de&#46;&#46;&#46;<\/p>\n","protected":false},"author":1,"featured_media":0,"parent":2285,"menu_order":0,"comment_status":"closed","ping_status":"closed","template":"","meta":{"footnotes":""},"class_list":["post-2868","page","type-page","status-publish","hentry"],"_links":{"self":[{"href":"https:\/\/www.colegiosanfelix.com\/web\/index.php\/wp-json\/wp\/v2\/pages\/2868","targetHints":{"allow":["GET"]}}],"collection":[{"href":"https:\/\/www.colegiosanfelix.com\/web\/index.php\/wp-json\/wp\/v2\/pages"}],"about":[{"href":"https:\/\/www.colegiosanfelix.com\/web\/index.php\/wp-json\/wp\/v2\/types\/page"}],"author":[{"embeddable":true,"href":"https:\/\/www.colegiosanfelix.com\/web\/index.php\/wp-json\/wp\/v2\/users\/1"}],"replies":[{"embeddable":true,"href":"https:\/\/www.colegiosanfelix.com\/web\/index.php\/wp-json\/wp\/v2\/comments?post=2868"}],"version-history":[{"count":0,"href":"https:\/\/www.colegiosanfelix.com\/web\/index.php\/wp-json\/wp\/v2\/pages\/2868\/revisions"}],"up":[{"embeddable":true,"href":"https:\/\/www.colegiosanfelix.com\/web\/index.php\/wp-json\/wp\/v2\/pages\/2285"}],"wp:attachment":[{"href":"https:\/\/www.colegiosanfelix.com\/web\/index.php\/wp-json\/wp\/v2\/media?parent=2868"}],"curies":[{"name":"wp","href":"https:\/\/api.w.org\/{rel}","templated":true}]}}